{"id":595,"date":"2023-01-02T21:41:45","date_gmt":"2023-01-02T20:41:45","guid":{"rendered":"http:\/\/vanessareip.com\/?page_id=595"},"modified":"2023-01-02T21:53:08","modified_gmt":"2023-01-02T20:53:08","slug":"psychogenealogie","status":"publish","type":"page","link":"http:\/\/vanessareip.com\/index.php\/psychogenealogie\/","title":{"rendered":"Psychog\u00e9n\u00e9alogie"},"content":{"rendered":"\n<p class=\"has-drop-cap has-text-align-center has-text-color has-large-font-size\" style=\"color:#a300a0\">Nous sommes des r\u00e9ponses \u00e0 des questions non-r\u00e9solues de nos anc\u00eatres.<\/p>\n\n\n\n<p class=\"has-text-align-right has-text-color\" style=\"color:#a30089\">Carl Gustav Jung<\/p>\n\n\n\n\n\n<p class=\"has-text-align-right has-text-color\" style=\"color:#a30089\"> <\/p>\n\n\n\n<div style=\"height:147px\" aria-hidden=\"true\" class=\"wp-block-spacer\"><\/div>\n\n\n\n<div style=\"height:269px\" aria-hidden=\"true\" class=\"wp-block-spacer\"><\/div>\n\n\n\n<p>En cours &#8230; <\/p>\n","protected":false},"excerpt":{"rendered":"<p>Nous sommes des r\u00e9ponses \u00e0 des questions non-r\u00e9solues de nos anc\u00eatres. Carl Gustav Jung En cours &#8230;<\/p>\n","protected":false},"author":2,"featured_media":0,"parent":0,"menu_order":0,"comment_status":"closed","ping_status":"closed","template":"","meta":{"footnotes":""},"class_list":["post-595","page","type-page","status-publish","hentry"],"_links":{"self":[{"href":"http:\/\/vanessareip.com\/index.php\/wp-json\/wp\/v2\/pages\/595","targetHints":{"allow":["GET"]}}],"collection":[{"href":"http:\/\/vanessareip.com\/index.php\/wp-json\/wp\/v2\/pages"}],"about":[{"href":"http:\/\/vanessareip.com\/index.php\/wp-json\/wp\/v2\/types\/page"}],"author":[{"embeddable":true,"href":"http:\/\/vanessareip.com\/index.php\/wp-json\/wp\/v2\/users\/2"}],"replies":[{"embeddable":true,"href":"http:\/\/vanessareip.com\/index.php\/wp-json\/wp\/v2\/comments?post=595"}],"version-history":[{"count":5,"href":"http:\/\/vanessareip.com\/index.php\/wp-json\/wp\/v2\/pages\/595\/revisions"}],"predecessor-version":[{"id":606,"href":"http:\/\/vanessareip.com\/index.php\/wp-json\/wp\/v2\/pages\/595\/revisions\/606"}],"wp:attachment":[{"href":"http:\/\/vanessareip.com\/index.php\/wp-json\/wp\/v2\/media?parent=595"}],"curies":[{"name":"wp","href":"https:\/\/api.w.org\/{rel}","templated":true}]}}